{"id":18,"date":"2019-07-14T20:23:05","date_gmt":"2019-07-14T20:23:05","guid":{"rendered":"http:\/\/psv-birkenhof-neuhausen.de\/?page_id=18"},"modified":"2025-06-26T12:09:16","modified_gmt":"2025-06-26T12:09:16","slug":"veranstaltungen","status":"publish","type":"page","link":"https:\/\/psv-birkenhof-neuhausen.de\/?page_id=18","title":{"rendered":"Veranstaltungen"},"content":{"rendered":"\n<h2 class=\"wp-block-heading\">Momentan keine Veranstaltungen geplant<\/h2>\n\n\n\n<p><\/p>\n\n\n\n<h2 class=\"wp-block-heading\"><strong>Vergangene Veranstaltungen<\/strong><\/h2>\n\n\n\n<h3 class=\"wp-block-heading\">Samstag, 29. Juni 2024: Flohmarkt, Cr\u00eapes, Kaffee &amp; Kuchen, Ponyreiten<\/h3>\n\n\n\n<div class=\"wp-block-media-text is-stacked-on-mobile\"><figure class=\"wp-block-media-text__media\"><img loading=\"lazy\" decoding=\"async\" width=\"724\" height=\"1024\" src=\"https:\/\/psv-birkenhof-neuhausen.de\/wp-content\/uploads\/2024\/05\/Flohmarkt-2024-1-724x1024.png\" alt=\"\" class=\"wp-image-74 size-full\" srcset=\"https:\/\/psv-birkenhof-neuhausen.de\/wp-content\/uploads\/2024\/05\/Flohmarkt-2024-1-724x1024.png 724w, https:\/\/psv-birkenhof-neuhausen.de\/wp-content\/uploads\/2024\/05\/Flohmarkt-2024-1-212x300.png 212w, https:\/\/psv-birkenhof-neuhausen.de\/wp-content\/uploads\/2024\/05\/Flohmarkt-2024-1-768x1086.png 768w, https:\/\/psv-birkenhof-neuhausen.de\/wp-content\/uploads\/2024\/05\/Flohmarkt-2024-1-1086x1536.png 1086w, https:\/\/psv-birkenhof-neuhausen.de\/wp-content\/uploads\/2024\/05\/Flohmarkt-2024-1-1448x2048.png 1448w, https:\/\/psv-birkenhof-neuhausen.de\/wp-content\/uploads\/2024\/05\/Flohmarkt-2024-1.png 1587w\" sizes=\"(max-width: 724px) 100vw, 724px\" \/><\/figure><div class=\"wp-block-media-text__content\">\n<p><\/p>\n<\/div><\/div>\n\n\n\n<h3 class=\"wp-block-heading\">20-J\u00e4hriges Vereinsjubil\u00e4um 2022<\/h3>\n\n\n\n<p>Am 02. Oktober feiern wir das 20-j\u00e4hrige Bestehen unseres Vereins. Gegr\u00fcndet im Februar 2002 fasst unser Verein heute ca. 70 Mitglieder, die erfolgreich an Reitsportturnieren verschiedener Disziplinen teilnehmen!<\/p>\n\n\n\n<p>Unser Jubil\u00e4um feiern wir mit einem Nachmittag f\u00fcr Gro\u00df und Klein: Neben einem abwechslungsreichen Kinderprogramm, inkl. Ponyreiten und Stallf\u00fchrungen, sorgen Kaffee und Kuchen sowie ein Waffelverkauf f\u00fcr das leibliche Wohl. <\/p>\n\n\n\n<div class=\"wp-block-media-text is-stacked-on-mobile\"><figure class=\"wp-block-media-text__media\"><img loading=\"lazy\" decoding=\"async\" width=\"940\" height=\"788\" src=\"http:\/\/psv-birkenhof-neuhausen.de\/wp-content\/uploads\/2022\/09\/20-J\u00e4hriges-Bestehen-2022-1.png\" alt=\"\" class=\"wp-image-66 size-full\" srcset=\"https:\/\/psv-birkenhof-neuhausen.de\/wp-content\/uploads\/2022\/09\/20-J\u00e4hriges-Bestehen-2022-1.png 940w, https:\/\/psv-birkenhof-neuhausen.de\/wp-content\/uploads\/2022\/09\/20-J\u00e4hriges-Bestehen-2022-1-300x251.png 300w, https:\/\/psv-birkenhof-neuhausen.de\/wp-content\/uploads\/2022\/09\/20-J\u00e4hriges-Bestehen-2022-1-768x644.png 768w\" sizes=\"(max-width: 706px) 89vw, (max-width: 767px) 82vw, 740px\" \/><\/figure><div class=\"wp-block-media-text__content\">\n<p><\/p>\n<\/div><\/div>\n\n\n\n<h3 class=\"wp-block-heading\">Spendenaktion: Ponyreiten, Kaffee &amp; Kuchen 2021<\/h3>\n\n\n\n<p>Unsere <strong>Spendenveranstaltung am 08. August 2021<\/strong> war ein voller Erfolg! Wir konnten mehr als 2500 Euro Spenden f\u00fcr die Opfer der Flutkatastrophe sammeln und danken allen Besuchern, Kuchenb\u00e4ckern, Helfern und Ponyf\u00fchrern. <\/p>\n\n\n\n<h2 class=\"wp-block-heading\"><\/h2>\n\n\n\n<p><\/p>\n","protected":false},"excerpt":{"rendered":"<p>Momentan keine Veranstaltungen geplant Vergangene Veranstaltungen Samstag, 29. Juni 2024: Flohmarkt, Cr\u00eapes, Kaffee &amp; Kuchen, Ponyreiten 20-J\u00e4hriges Vereinsjubil\u00e4um 2022 Am 02. Oktober feiern wir das 20-j\u00e4hrige Bestehen unseres Vereins. Gegr\u00fcndet im Februar 2002 fasst unser Verein heute ca. 70 Mitglieder, die erfolgreich an Reitsportturnieren verschiedener Disziplinen teilnehmen! Unser Jubil\u00e4um feiern wir mit einem Nachmittag f\u00fcr &hellip; <\/p>\n<p class=\"link-more\"><a href=\"https:\/\/psv-birkenhof-neuhausen.de\/?page_id=18\" class=\"more-link\"><span class=\"screen-reader-text\">\u201eVeranstaltungen\u201c<\/span> weiterlesen<\/a><\/p>\n","protected":false},"author":1,"featured_media":0,"parent":0,"menu_order":0,"comment_status":"closed","ping_status":"closed","template":"","meta":{"footnotes":""},"_links":{"self":[{"href":"https:\/\/psv-birkenhof-neuhausen.de\/index.php?rest_route=\/wp\/v2\/pages\/18"}],"collection":[{"href":"https:\/\/psv-birkenhof-neuhausen.de\/index.php?rest_route=\/wp\/v2\/pages"}],"about":[{"href":"https:\/\/psv-birkenhof-neuhausen.de\/index.php?rest_route=\/wp\/v2\/types\/page"}],"author":[{"embeddable":true,"href":"https:\/\/psv-birkenhof-neuhausen.de\/index.php?rest_route=\/wp\/v2\/users\/1"}],"replies":[{"embeddable":true,"href":"https:\/\/psv-birkenhof-neuhausen.de\/index.php?rest_route=%2Fwp%2Fv2%2Fcomments&post=18"}],"version-history":[{"count":12,"href":"https:\/\/psv-birkenhof-neuhausen.de\/index.php?rest_route=\/wp\/v2\/pages\/18\/revisions"}],"predecessor-version":[{"id":79,"href":"https:\/\/psv-birkenhof-neuhausen.de\/index.php?rest_route=\/wp\/v2\/pages\/18\/revisions\/79"}],"wp:attachment":[{"href":"https:\/\/psv-birkenhof-neuhausen.de\/index.php?rest_route=%2Fwp%2Fv2%2Fmedia&parent=18"}],"curies":[{"name":"wp","href":"https:\/\/api.w.org\/{rel}","templated":true}]}}